{"id":10718,"date":"2021-10-12T15:51:09","date_gmt":"2021-10-12T15:51:09","guid":{"rendered":"https:\/\/ironfitnutrition.com\/hakkimizda\/"},"modified":"2023-12-29T23:18:14","modified_gmt":"2023-12-29T23:18:14","slug":"hakkimizda","status":"publish","type":"page","link":"https:\/\/ironfitnutrition.com\/tr\/hakkimizda\/","title":{"rendered":"Hakk\u0131m\u0131zda"},"content":{"rendered":"\t\t<div data-elementor-type=\"wp-page\" data-elementor-id=\"10718\" class=\"elementor elementor-10718 elementor-4400\">\n\t\t\t\t\t\t\t\t\t<section data-particle_enable=\"false\" data-particle-mobile-disabled=\"false\" class=\"wd-negative-gap elementor-section elementor-top-section elementor-element elementor-element-3c548bca elementor-reverse-tablet elementor-reverse-mobile elementor-section-boxed elementor-section-height-default elementor-section-height-default wd-section-disabled\" data-id=\"3c548bca\" data-element_type=\"section\">\n\t\t\t\t\t\t<div class=\"elementor-container elementor-column-gap-default\">\n\t\t\t\t\t<div class=\"elementor-column elementor-col-50 elementor-top-column elementor-element elementor-element-1d354ed7\" data-id=\"1d354ed7\" data-element_type=\"column\">\n\t\t\t<div class=\"elementor-widget-wrap elementor-element-populated\">\n\t\t\t\t\t\t\t\t<div class=\"elementor-element elementor-element-3b8f1c6 elementor-widget elementor-widget-wd_image_or_svg\" data-id=\"3b8f1c6\" data-element_type=\"widget\" data-widget_type=\"wd_image_or_svg.default\">\n\t\t\t\t<div class=\"elementor-widget-container\">\n\t\t\t\n\t\t<div class=\"wd-image text-left\">\n\t\t\t\t\t\t\t\t<img loading=\"lazy\" decoding=\"async\" width=\"2560\" height=\"1978\" src=\"https:\/\/ironfitnutrition.com\/wp-content\/uploads\/2023\/06\/2-product_edit-1-scaled.jpg\" class=\"attachment-full size-full\" alt=\"\" srcset=\"https:\/\/ironfitnutrition.com\/wp-content\/uploads\/2023\/06\/2-product_edit-1-scaled.jpg 2560w, https:\/\/ironfitnutrition.com\/wp-content\/uploads\/2023\/06\/2-product_edit-1-scaled-430x332.jpg 430w, https:\/\/ironfitnutrition.com\/wp-content\/uploads\/2023\/06\/2-product_edit-1-scaled-150x116.jpg 150w, https:\/\/ironfitnutrition.com\/wp-content\/uploads\/2023\/06\/2-product_edit-1-scaled-700x541.jpg 700w, https:\/\/ironfitnutrition.com\/wp-content\/uploads\/2023\/06\/2-product_edit-1-388x300.jpg 388w, https:\/\/ironfitnutrition.com\/wp-content\/uploads\/2023\/06\/2-product_edit-1-1035x800.jpg 1035w, https:\/\/ironfitnutrition.com\/wp-content\/uploads\/2023\/06\/2-product_edit-1-768x593.jpg 768w, https:\/\/ironfitnutrition.com\/wp-content\/uploads\/2023\/06\/2-product_edit-1-1536x1187.jpg 1536w, https:\/\/ironfitnutrition.com\/wp-content\/uploads\/2023\/06\/2-product_edit-1-2048x1583.jpg 2048w, https:\/\/ironfitnutrition.com\/wp-content\/uploads\/2023\/06\/2-product_edit-1-860x665.jpg 860w\" sizes=\"auto, (max-width: 2560px) 100vw, 2560px\" \/>\t\t\t\t\t<\/div>\n\n\t\t\t\t<\/div>\n\t\t\t\t<\/div>\n\t\t\t\t\t<\/div>\n\t\t<\/div>\n\t\t\t\t<div class=\"elementor-column elementor-col-50 elementor-top-column elementor-element elementor-element-7a9daa7\" data-id=\"7a9daa7\" data-element_type=\"column\">\n\t\t\t<div class=\"elementor-widget-wrap elementor-element-populated\">\n\t\t\t\t\t\t\t\t<div class=\"elementor-element elementor-element-18566191 elementor-widget elementor-widget-wd_title\" data-id=\"18566191\" data-element_type=\"widget\" data-widget_type=\"wd_title.default\">\n\t\t\t\t<div class=\"elementor-widget-container\">\n\t\t\t\t\t<div class=\"title-wrapper set-mb-s reset-last-child wd-title-color-primary wd-title-style-default wd-title-size-large text-left\">\n\n\t\t\t\n\t\t\t<div class=\"liner-continer\">\n\t\t\t\t<h4 class=\"woodmart-title-container title wd-fontsize-xxl\"><br><span style=\"font-family: rajdhani, sans-serif;font-size: 58.6672px;font-style: normal;font-weight: 700;letter-spacing: 0.586672px;text-transform: uppercase;white-space: normal\">IRON FIT NUTRITION<\/span><\/h4> \n\t\t\t\t\t\t\t<\/div>\n\n\t\t\t\t\t<\/div>\n\t\t\t\t<\/div>\n\t\t\t\t<\/div>\n\t\t\t\t<div class=\"elementor-element elementor-element-cf34ae6 elementor-widget elementor-widget-wd_text_block\" data-id=\"cf34ae6\" data-element_type=\"widget\" data-widget_type=\"wd_text_block.default\">\n\t\t\t\t<div class=\"elementor-widget-container\">\n\t\t\t\t\t<div class=\"wd-text-block reset-last-child text-left\">\n\t\t\t\n\t\t\t<p>IRON FIT NUTRITION kendine \u00f6zg\u00fc, uygun fiyatl\u0131 \u00fcr\u00fcnler \u00fcretmeye \u00e7al\u0131\u015fmaktad\u0131r. Bu yolda her t\u00fcrl\u00fc \u00e7abay\u0131 g\u00f6sterirken \u00fcst\u00fcn kaliteli \u00fcr\u00fcnler s\u00fcrekli de\u011fi\u015fen m\u00fc\u015fterilerin 4 ihtiya\u00e7lar\u0131na g\u00f6re haz\u0131rlanmaktad\u0131r. Bununla birlikte dinamik bir pazar\u0131n taleplerini yenilik\u00e7i, e\u015fsiz, etkili destek materyaller ve \u00fcr\u00fcnlerle kar\u015f\u0131lamaktad\u0131r. Ba\u015f\u0131ndan beri m\u00fc\u015fterilerimiz bir numaral\u0131 \u00f6nceli\u011fimiz olmu\u015ftur. Ba\u015f\u0131ndan beri m\u00fc\u015fterilerimiz bir numaral\u0131 \u00f6nceli\u011fimiz olmu\u015ftur. S\u0131k\u0131 kalite kontrol\u00fc, laboratuvar testleri ve s\u0131k\u0131 kontrol alt\u0131nda \u00fcretim \u00e7ok \u00f6nemli olmakla birlikte, bunlar\u0131n hepsi tek bir nedenle yap\u0131lmaktad\u0131r: size y\u00fcksek kaliteli, uygun fiyatl\u0131 supplement(\u00fcr\u00fcnler) sunmak. M\u00fc\u015fteri sadakatinden gurur duyuyoruz ve ilk kez gelen m\u00fc\u015fterilerimizin neredeyse tamam\u0131n\u0131n sad\u0131k m\u00fc\u015fteriler haline geldi\u011fini bildirmekten memnuniyet duyuyoruz. Bir \u00fcr\u00fcn\u00fcn tasarland\u0131\u011f\u0131 andan tesisimizden \u00e7\u0131kt\u0131\u011f\u0131 ana kadar Iron Fit Nutrition'a sadece en iyisini koydu\u011fumuzdan emin olabilirsiniz, b\u00f6ylece sizin v\u00fccudunuz da en iyi \u015fekilde ve sa\u011fl\u0131kl\u0131 g\u0131da takviyeleriyle beslenmi\u015f olacakt\u0131r.<\/p>\n\t\t\t\t\t<\/div>\n\t\t\t\t<\/div>\n\t\t\t\t<\/div>\n\t\t\t\t<section data-particle_enable=\"false\" data-particle-mobile-disabled=\"false\" class=\"wd-negative-gap elementor-section elementor-inner-section elementor-element elementor-element-6c441740 elementor-section-boxed elementor-section-height-default elementor-section-height-default wd-section-disabled\" data-id=\"6c441740\" data-element_type=\"section\">\n\t\t\t\t\t\t<div class=\"elementor-container elementor-column-gap-default\">\n\t\t\t\t\t<div class=\"elementor-column elementor-col-100 elementor-inner-column elementor-element elementor-element-2340cadd\" data-id=\"2340cadd\" data-element_type=\"column\">\n\t\t\t<div class=\"elementor-widget-wrap elementor-element-populated\">\n\t\t\t\t\t\t\t\t<div class=\"elementor-element elementor-element-5292d768 elementor-widget__width-auto elementor-hidden-phone elementor-widget elementor-widget-wd_social_buttons\" data-id=\"5292d768\" data-element_type=\"widget\" data-widget_type=\"wd_social_buttons.default\">\n\t\t\t\t<div class=\"elementor-widget-container\">\n\t\t\t\n\t\t\t<div class=\" wd-social-icons icons-design-colored-alt icons-size-small color-scheme-dark social-share social-form-circle text-left\">\n\n\t\t\t\t\n\t\t\t\t\t\t\t\t\t<a rel=\"noopener noreferrer nofollow\" href=\"https:\/\/www.facebook.com\/sharer\/sharer.php?u=https:\/\/ironfitnutrition.com\/tr\/hakkimizda\/\" target=\"_blank\" class=\" wd-social-icon social-facebook\" aria-label=\"Facebook social link\">\n\t\t\t\t\t\t<span class=\"wd-icon\"><\/span>\n\t\t\t\t\t\t\t\t\t\t\t<\/a>\n\t\t\t\t\n\t\t\t\t\t\t\t\t\t<a rel=\"noopener noreferrer nofollow\" href=\"https:\/\/twitter.com\/share?url=https:\/\/ironfitnutrition.com\/tr\/hakkimizda\/\" target=\"_blank\" class=\" wd-social-icon social-twitter\" aria-label=\"Twitter social link\">\n\t\t\t\t\t\t<span class=\"wd-icon\"><\/span>\n\t\t\t\t\t\t\t\t\t\t\t<\/a>\n\t\t\t\t\n\t\t\t\t\n\t\t\t\t\n\t\t\t\t\n\t\t\t\t\t\t\t\t\t<a rel=\"noopener noreferrer nofollow\" href=\"https:\/\/pinterest.com\/pin\/create\/button\/?url=https:\/\/ironfitnutrition.com\/tr\/hakkimizda\/&media=https:\/\/ironfitnutrition.com\/wp-includes\/images\/media\/default.svg&description=Hakk%C4%B1m%C4%B1zda\" target=\"_blank\" class=\" wd-social-icon social-pinterest\" aria-label=\"Pinterest social link\">\n\t\t\t\t\t\t<span class=\"wd-icon\"><\/span>\n\t\t\t\t\t\t\t\t\t\t\t<\/a>\n\t\t\t\t\n\t\t\t\t\n\t\t\t\t\t\t\t\t\t<a rel=\"noopener noreferrer nofollow\" href=\"https:\/\/www.linkedin.com\/shareArticle?mini=true&url=https:\/\/ironfitnutrition.com\/tr\/hakkimizda\/\" target=\"_blank\" class=\" wd-social-icon social-linkedin\" aria-label=\"Linkedin social link\">\n\t\t\t\t\t\t<span class=\"wd-icon\"><\/span>\n\t\t\t\t\t\t\t\t\t\t\t<\/a>\n\t\t\t\t\n\t\t\t\t\n\t\t\t\t\n\t\t\t\t\n\t\t\t\t\n\t\t\t\t\n\t\t\t\t\n\t\t\t\t\n\t\t\t\t\n\t\t\t\t\n\t\t\t\t\t\t\t\t\n\t\t\t\t\t\t\t\t\n\t\t\t\t\n\t\t\t\t\n\t\t\t\t\t\t\t\t\t<a rel=\"noopener noreferrer nofollow\" href=\"https:\/\/telegram.me\/share\/url?url=https:\/\/ironfitnutrition.com\/tr\/hakkimizda\/\" target=\"_blank\" class=\" wd-social-icon social-tg\" aria-label=\"Telegram social link\">\n\t\t\t\t\t\t<span class=\"wd-icon\"><\/span>\n\t\t\t\t\t\t\t\t\t\t\t<\/a>\n\t\t\t\t\t\t\t\t\n\t\t\t\t\n\t\t\t<\/div>\n\n\t\t\t\t<\/div>\n\t\t\t\t<\/div>\n\t\t\t\t\t<\/div>\n\t\t<\/div>\n\t\t\t\t\t\t\t<\/div>\n\t\t<\/section>\n\t\t\t\t\t<\/div>\n\t\t<\/div>\n\t\t\t\t\t\t\t<\/div>\n\t\t<\/section>\n\t\t\t\t\t\t\t<\/div>\n\t\t","protected":false},"excerpt":{"rendered":"<p>IRON FIT NUTRITION IRON FIT NUTRITION kendine \u00f6zg\u00fc, uygun fiyatl\u0131 \u00fcr\u00fcnler \u00fcretmeye \u00e7al\u0131\u015fmaktad\u0131r. Bu yolda her t\u00fcrl\u00fc \u00e7abay\u0131 g\u00f6sterirken \u00fcst\u00fcn<\/p>\n","protected":false},"author":1,"featured_media":0,"parent":0,"menu_order":0,"comment_status":"closed","ping_status":"closed","template":"","meta":{"footnotes":""},"class_list":["post-10718","page","type-page","status-publish","hentry"],"_links":{"self":[{"href":"https:\/\/ironfitnutrition.com\/tr\/wp-json\/wp\/v2\/pages\/10718","targetHints":{"allow":["GET"]}}],"collection":[{"href":"https:\/\/ironfitnutrition.com\/tr\/wp-json\/wp\/v2\/pages"}],"about":[{"href":"https:\/\/ironfitnutrition.com\/tr\/wp-json\/wp\/v2\/types\/page"}],"author":[{"embeddable":true,"href":"https:\/\/ironfitnutrition.com\/tr\/wp-json\/wp\/v2\/users\/1"}],"replies":[{"embeddable":true,"href":"https:\/\/ironfitnutrition.com\/tr\/wp-json\/wp\/v2\/comments?post=10718"}],"version-history":[{"count":1,"href":"https:\/\/ironfitnutrition.com\/tr\/wp-json\/wp\/v2\/pages\/10718\/revisions"}],"predecessor-version":[{"id":10719,"href":"https:\/\/ironfitnutrition.com\/tr\/wp-json\/wp\/v2\/pages\/10718\/revisions\/10719"}],"wp:attachment":[{"href":"https:\/\/ironfitnutrition.com\/tr\/wp-json\/wp\/v2\/media?parent=10718"}],"curies":[{"name":"wp","href":"https:\/\/api.w.org\/{rel}","templated":true}]}}