{"id":10715,"date":"2023-06-06T08:37:41","date_gmt":"2023-06-06T08:37:41","guid":{"rendered":"https:\/\/ironfitnutrition.com\/product\/kreatin\/"},"modified":"2023-06-06T08:37:41","modified_gmt":"2023-06-06T08:37:41","slug":"kreatin","status":"publish","type":"product","link":"https:\/\/ironfitnutrition.com\/tr\/urun\/kreatin\/","title":{"rendered":"KREAT\u0130N"},"content":{"rendered":"<p>Kreatin v\u00fccutta \u00fcretilen bir molek\u00fcld\u00fcr Y\u00fcksek enerjili fosfat gruplar\u0131n\u0131 fosfokreatin \u015feklinde depolar. Fosfokreatin, stres s\u0131ras\u0131nda h\u00fccresel fonksiyona yard\u0131mc\u0131 olmak i\u00e7in enerji a\u00e7\u0131\u011fa \u00e7\u0131kar\u0131r. Bu etki, kreatin takviyesinden sonra g\u00fc\u00e7 art\u0131\u015f\u0131na neden olur ve ayr\u0131ca beyne, kemiklere, kaslara ve karaci\u011fere fayda sa\u011flayabilir. Kreatinin faydalar\u0131n\u0131n \u00e7o\u011fu bu mekanizman\u0131n bir sonucudur.<\/p>\n<p>Kreatin, \u00e7o\u011funlukla et, yumurta ve bal\u0131k olmak \u00fczere baz\u0131 g\u0131dalarda bulunabilir. Kreatin takviyesi \u00e7e\u015fitli sa\u011fl\u0131k yararlar\u0131 sa\u011flar ve n\u00f6roprotektif ve kardiyoprotektif \u00f6zelliklere sahiptir. Genellikle sporcular taraf\u0131ndan hem g\u00fc\u00e7 \u00e7\u0131k\u0131\u015f\u0131n\u0131 hem de ya\u011fs\u0131z k\u00fctleyi art\u0131rmak i\u00e7in kullan\u0131l\u0131r. Yeterli su olmadan kreatin takviyesi yap\u0131ld\u0131\u011f\u0131nda mide kramp\u0131 olu\u015fabilir. \u00e7ok fazla kreatin takviyesi yap\u0131ld\u0131\u011f\u0131nda ishal ve mide bulant\u0131s\u0131 ortaya \u00e7\u0131kabilir, bu durumda dozlar g\u00fcn boyunca yay\u0131lmal\u0131 ve yemeklerle birlikte al\u0131nmal\u0131d\u0131r.<\/p>\n<p>Piyasada bir\u00e7ok farkl\u0131 kreatin formu mevcuttur, ancak kreatin monohidrat en ucuz ve en etkili olan\u0131d\u0131r. Di\u011fer bir se\u00e7enek de suda daha kolay \u00e7\u00f6z\u00fcnen ve daha pratik olabilen mikronize kreatin monohidratt\u0131r.<\/p>\n<p>Kreatin monohidrat bir y\u00fckleme protokol\u00fc ile takviye edilebilir. boyunca g\u00fcnde v\u00fccut a\u011f\u0131rl\u0131\u011f\u0131n\u0131n kilogram\u0131 ba\u015f\u0131na 0,3 gram al\u0131n, ard\u0131ndan \u00fc\u00e7 hafta boyunca (bisiklete biniyorsan\u0131z) veya s\u00fcresiz olarak (ek y\u00fckleme a\u015famalar\u0131 olmadan) en az 0,03 g\/kg\/g\u00fcn ile devam edin. 180 lb (82 kg) bir ki\u015fi i\u00e7in bu, y\u00fckleme a\u015famas\u0131nda 25 g\/g\u00fcn ve sonras\u0131nda 2,5 g\/ g\u00fcn anlam\u0131na gelir, ancak bir\u00e7ok kullan\u0131c\u0131 d\u00fc\u015f\u00fck kreatin fiyat\u0131 ve artan faydalar deneyimleme olas\u0131l\u0131\u011f\u0131 nedeniyle 5 g\/g\u00fcn al\u0131r. Y\u00fcksek miktarda kas k\u00fctlesi ve y\u00fcksek aktivite seviyeleri olan ki\u015filer i\u00e7in daha y\u00fcksek dozlar (10 g\/g\u00fcn&#8217;e kadar) faydal\u0131 olabilir.<\/p>\n<p>Yeterli su olmadan kreatin takviyesi yap\u0131ld\u0131\u011f\u0131nda mide kramp\u0131 olu\u015fabilir. Bir kerede \u00e7ok fazla kreatin takviyesi yap\u0131ld\u0131\u011f\u0131nda ishal ve mide bulant\u0131s\u0131 meydana gelebilir, bu durumda dozlar g\u00fcne yay\u0131lmal\u0131 ve yemeklerle birlikte al\u0131nmal\u0131d\u0131r.<\/p>\n","protected":false},"excerpt":{"rendered":"<ul>\n<li>G\u00fcc\u00fc, dayan\u0131kl\u0131l\u0131\u011f\u0131 art\u0131r\u0131r ve h\u0131zland\u0131r\u0131r.<\/li>\n<li>Beyninizi sa\u011fl\u0131kl\u0131 tutar ve zihinsel yorgunlukla sava\u015f\u0131r.<\/li>\n<li>M\u00fckemmel kar\u0131\u015f\u0131m uyumlulu\u011fu i\u00e7in aromas\u0131zd\u0131r.<\/li>\n<\/ul>\n","protected":false},"featured_media":10685,"comment_status":"open","ping_status":"closed","template":"","meta":[],"product_cat":[130],"product_tag":[],"class_list":["post-10715","product","type-product","status-publish","has-post-thumbnail","hentry","product_cat-vucudu-sinirlarinin-otesine-tasir"],"_links":{"self":[{"href":"https:\/\/ironfitnutrition.com\/tr\/wp-json\/wp\/v2\/product\/10715","targetHints":{"allow":["GET"]}}],"collection":[{"href":"https:\/\/ironfitnutrition.com\/tr\/wp-json\/wp\/v2\/product"}],"about":[{"href":"https:\/\/ironfitnutrition.com\/tr\/wp-json\/wp\/v2\/types\/product"}],"replies":[{"embeddable":true,"href":"https:\/\/ironfitnutrition.com\/tr\/wp-json\/wp\/v2\/comments?post=10715"}],"version-history":[{"count":0,"href":"https:\/\/ironfitnutrition.com\/tr\/wp-json\/wp\/v2\/product\/10715\/revisions"}],"wp:featuredmedia":[{"embeddable":true,"href":"https:\/\/ironfitnutrition.com\/tr\/wp-json\/wp\/v2\/media\/10685"}],"wp:attachment":[{"href":"https:\/\/ironfitnutrition.com\/tr\/wp-json\/wp\/v2\/media?parent=10715"}],"wp:term":[{"taxonomy":"product_cat","embeddable":true,"href":"https:\/\/ironfitnutrition.com\/tr\/wp-json\/wp\/v2\/product_cat?post=10715"},{"taxonomy":"product_tag","embeddable":true,"href":"https:\/\/ironfitnutrition.com\/tr\/wp-json\/wp\/v2\/product_tag?post=10715"}],"curies":[{"name":"wp","href":"https:\/\/api.w.org\/{rel}","templated":true}]}}