{"id":10717,"date":"2023-06-08T09:30:54","date_gmt":"2023-06-08T09:30:54","guid":{"rendered":"https:\/\/ironfitnutrition.com\/product\/l-arjinin-hcl\/"},"modified":"2023-06-08T09:30:54","modified_gmt":"2023-06-08T09:30:54","slug":"l-arginine-hcl","status":"publish","type":"product","link":"https:\/\/ironfitnutrition.com\/tr\/urun\/l-arginine-hcl\/","title":{"rendered":"L-ARJ\u0130N\u0130N HCL"},"content":{"rendered":"<p>L-arjinin, v\u00fccudun d\u00fczg\u00fcn \u00e7al\u0131\u015fmas\u0131 i\u00e7in gereken bir\u00e7ok amino asitten biridir.<\/p>\n<p>Di\u011fer amino asitler gibi, L-arginin protein yap\u0131m\u0131nda rol oynar. V\u00fccut, proteini kullanarak kas yap\u0131s\u0131n\u0131 olu\u015fturmaya ve dokuyu yeniden in\u015fa etmeye yard\u0131mc\u0131 olabilir.<\/p>\n<p>Protein olu\u015fturman\u0131n yan\u0131 s\u0131ra, L- arjinin kan i\u00e7inde nitrik oksit salg\u0131lar. Nitrik oksit, kan dola\u015f\u0131m\u0131ndaki kan damarlar\u0131n\u0131 geni\u015fletmeye yard\u0131mc\u0131 olabilir ve bu durum baz\u0131 dola\u015f\u0131m ko\u015fullar\u0131na destek sa\u011flayabilir.<\/p>\n<p>L- arjinin ayn\u0131 zamanda insan b\u00fcy\u00fcme hormonu (HGH) \u00fcretimi i\u00e7in \u00f6nemli bir katalizat\u00f6rd\u00fcr. arjinin HCL al\u0131nd\u0131\u011f\u0131nda, anterior hipofiz bezi uyar\u0131larak HGH sal\u0131n\u0131m\u0131n\u0131 art\u0131r\u0131r, v\u00fccut boyunca dola\u015fan HGH seviyelerini y\u00fckseltir. Do\u011fal olarak y\u00fcksek HGH seviyelerinin bir\u00e7ok faydas\u0131 vard\u0131r, bunlar aras\u0131nda kas iyile\u015fmesi ve onar\u0131m\u0131n\u0131n artmas\u0131, metabolizman\u0131n d\u00fczenlenmesi, v\u00fccut ya\u011f\u0131n\u0131n azalt\u0131lmas\u0131 ve kalp ile b\u00f6breklerin optimal i\u015fleyi\u015fi bulunur.<\/p>\n<p>Ara\u015ft\u0131rmalar, L-arjinin HCL takviyesinin olas\u0131 faydalar\u0131n\u0131n, ameliyat iyile\u015fme s\u00fcresini iyile\u015ftirme, konjestif kalp yetmezli\u011fini tedavi etme, koroner arter hastal\u0131\u011f\u0131nda g\u00f6\u011f\u00fcs a\u011fr\u0131s\u0131n\u0131 azaltma, mesane iltihab\u0131n\u0131 azaltma, erektil disfonksiyonu tedavi etme, b\u00f6brek fonksiyonunu iyile\u015ftirme ve HIV gibi kas kayb\u0131na neden olan hastal\u0131klarda sa\u011fl\u0131kl\u0131 bir v\u00fccut a\u011f\u0131rl\u0131\u011f\u0131n\u0131 koruma i\u00e7erdi\u011fini g\u00f6stermektedir.<\/p>\n<p>V\u00fccudunuz L-arjinin do\u011fal olarak \u00fcretse de, bunu diyet yoluyla da alabiliriz. K\u0131rm\u0131z\u0131 et, bal\u0131k, s\u00fct \u00fcr\u00fcnleri ve yumurta, v\u00fccudun gerekli kaynaklar\u0131n\u0131 yeniden doldurmas\u0131na yard\u0131mc\u0131 olan d\u00fc\u015f\u00fck miktarda L-arjinin i\u00e7erir.<\/p>\n<p>&nbsp;<\/p>\n<p>.<\/p>\n<p>.<\/p>\n<p>. . . .<\/p>\n<p>. .<\/p>\n<p>.<\/p>\n","protected":false},"excerpt":{"rendered":"<p class=\"default_cursor_cs\">. .<\/p>\n<p class=\"default_cursor_cs\">.<\/p>\n<p class=\"default_cursor_cs\">.<\/p>\n<p class=\"default_cursor_cs\">.<\/p>\n<p class=\"default_cursor_cs\">.<\/p>\n","protected":false},"featured_media":10670,"comment_status":"open","ping_status":"closed","template":"","meta":[],"product_cat":[130],"product_tag":[],"class_list":["post-10717","product","type-product","status-publish","has-post-thumbnail","hentry","product_cat-vucudu-sinirlarinin-otesine-tasir"],"_links":{"self":[{"href":"https:\/\/ironfitnutrition.com\/tr\/wp-json\/wp\/v2\/product\/10717","targetHints":{"allow":["GET"]}}],"collection":[{"href":"https:\/\/ironfitnutrition.com\/tr\/wp-json\/wp\/v2\/product"}],"about":[{"href":"https:\/\/ironfitnutrition.com\/tr\/wp-json\/wp\/v2\/types\/product"}],"replies":[{"embeddable":true,"href":"https:\/\/ironfitnutrition.com\/tr\/wp-json\/wp\/v2\/comments?post=10717"}],"version-history":[{"count":0,"href":"https:\/\/ironfitnutrition.com\/tr\/wp-json\/wp\/v2\/product\/10717\/revisions"}],"wp:featuredmedia":[{"embeddable":true,"href":"https:\/\/ironfitnutrition.com\/tr\/wp-json\/wp\/v2\/media\/10670"}],"wp:attachment":[{"href":"https:\/\/ironfitnutrition.com\/tr\/wp-json\/wp\/v2\/media?parent=10717"}],"wp:term":[{"taxonomy":"product_cat","embeddable":true,"href":"https:\/\/ironfitnutrition.com\/tr\/wp-json\/wp\/v2\/product_cat?post=10717"},{"taxonomy":"product_tag","embeddable":true,"href":"https:\/\/ironfitnutrition.com\/tr\/wp-json\/wp\/v2\/product_tag?post=10717"}],"curies":[{"name":"wp","href":"https:\/\/api.w.org\/{rel}","templated":true}]}}