{"id":10729,"date":"2023-06-06T08:43:56","date_gmt":"2023-06-06T08:43:56","guid":{"rendered":"https:\/\/ironfitnutrition.com\/product\/pre-workout-dusted\/"},"modified":"2023-06-06T08:43:56","modified_gmt":"2023-06-06T08:43:56","slug":"dusted","status":"publish","type":"product","link":"https:\/\/ironfitnutrition.com\/tr\/urun\/dusted\/","title":{"rendered":"PRE-WORKOUT DUSTED"},"content":{"rendered":"<p><strong>L-CITRULLINE<\/strong> &#8211; v\u00fccudun nitrik oksit \u00fcretmesine ve kan ak\u0131\u015f\u0131n\u0131 iyile\u015ftirmesine yard\u0131mc\u0131 olan esansiyel olmayan bir amino asittir. \u00c7al\u0131\u015fmalar, nitrik oksidin muhtemelen kan ak\u0131\u015f\u0131, kaslar ve metabolik eylemler \u00fczerindeki etkisi yoluyla spor performans\u0131n\u0131 art\u0131rabilece\u011fini bulmu\u015ftur.<\/p>\n<p>&nbsp;<\/p>\n<p><strong>BETA ALAN\u0130N<\/strong> &#8211; antrenman s\u0131ras\u0131nda dayan\u0131kl\u0131l\u0131k seviyelerini ve g\u00fcc\u00fc art\u0131rmaya yard\u0131mc\u0131 oldu\u011fu \u00e7al\u0131\u015fmalarda g\u00f6sterilen esansiyel olmayan bir amino asittir. \u00c7o\u011fu \u00fcr\u00fcnde oldu\u011fu gibi bu \u00fcr\u00fcn de sadece Farmas\u00f6tik S\u0131n\u0131f bile\u015fenler i\u00e7erir. Porsiyonlar\u0131n\u0131z\u0131 g\u00fcn i\u00e7ine yayabilir veya hepsini antrenmandan \u00f6nce alabilirsiniz. BETA-ALAN\u0130N, daha g\u00fc\u00e7l\u00fc bir antrenman seans\u0131 sa\u011flamak i\u00e7in kas g\u00fcc\u00fcn\u00fc ve dayan\u0131kl\u0131l\u0131\u011f\u0131n\u0131 art\u0131rabilir. BETA-ALAN\u0130N ile her tekrar\u0131 maksimuma \u00e7\u0131karabilir ve bu platolar\u0131 zorlayabilirsiniz. Bu, tek tekrarl\u0131 maksimum performans\u0131n\u0131z\u0131 patlatmak ile a\u011f\u0131rl\u0131klar\u0131 tiksintiyle yere atmak aras\u0131ndaki farkt\u0131r. Hedeflerinize ula\u015fman\u0131n ve onlar\u0131 zorlaman\u0131n hissini ya\u015fay\u0131n. BETA-ALAN\u0130N ile her \u015fey elinizin alt\u0131nda.<\/p>\n<p>&nbsp;<\/p>\n<p><strong>CREATINE HCL<\/strong> \u2013 Saf Kreatin Hidroklor\u00fcr, piyasadaki en \u00e7\u00f6z\u00fcn\u00fcr kreatindir. Testler, potansiyel yan etkileri olmaks\u0131z\u0131n, d\u00fczenli kreatin monohidrat\u0131ndan 59 kat daha g\u00fc\u00e7l\u00fc oldu\u011funu g\u00f6stermi\u015ftir.<\/p>\n<p>&nbsp;<\/p>\n<p><strong>L-ARGINIE AKG<\/strong> \u2013 ARGININ, uzun s\u00fcredir ara\u015ft\u0131rmac\u0131 bilim insanlar\u0131 ve v\u00fccut geli\u015ftirenler taraf\u0131ndan bug\u00fcn piyasadaki en iyi, en etkili i\u00e7eriklerden biri olarak \u00f6vg\u00fc almaktad\u0131r. Hemen hemen her \u00fcst d\u00fczey antrenman \u00f6ncesi takviyenin ana bile\u015feni olarak dahil edilmi\u015ftir. Son \u00fcniversite d\u00fczeyindeki ara\u015ft\u0131rmalar, ARGININ&#8217;in v\u00fccutta Kreatin sentezinin do\u011fal \u00f6nc\u00fcs\u00fc olarak i\u015flev g\u00f6rebilme yetene\u011fini do\u011frulamaktad\u0131r. yr\u0131ca, B\u00fcy\u00fcme Hormonlar\u0131n\u0131n do\u011fal seviyelerini art\u0131rma ve v\u00fccudun oksijeni t\u00fcketme ve kullanma yetene\u011fini art\u0131rma konusundaki yetene\u011fi nedeniyle \u00f6zellikle N\u0130TR\u0130K OKS\u0130D\u0130 seviyelerini art\u0131rarak VASOD\u0130LASYON&#8217;u art\u0131rma yetene\u011fi g\u00f6sterilmi\u015ftir.[increase VASODILATION]<\/p>\n<p>&nbsp;<\/p>\n<p><strong>GOTU KOLA<\/strong> \u2013 \u00c7ikolata \u00fcr\u00fcnlerinde bulunan ve di\u00fcretik, vazodilat\u00f6r ve miyokard uyar\u0131c\u0131s\u0131 olarak kullan\u0131lan ac\u0131, renksiz bir alkaloittir. GOTU KOLA, zeka ve bellekte yard\u0131mc\u0131 olmak amac\u0131yla kullan\u0131lan bir beyin toni\u011fi olarak bilinir. Bili\u015fsel fonksiyonu iyile\u015ftirebilir, beyin ve sinir sistemini canland\u0131rabilir, dikkat s\u00fcresini, belle\u011fi ve konsantrasyonu art\u0131rabilir. Gotu kola, adrenal bezleri g\u00fc\u00e7lendirir ve kan\u0131 temizleyerek cilt kusurlar\u0131n\u0131 tedavi etmek i\u00e7in kullan\u0131l\u0131r. Y\u00fcksek tansiyonu hafifletebilir ve dola\u015f\u0131m sistemine olumlu bir etkisi olabilir. Kan ak\u0131\u015f\u0131n\u0131 iyile\u015ftirirken damarlar\u0131 ve k\u0131lcal damarlar\u0131 g\u00fc\u00e7lendirebilir. Gotu Kola, varisleri iyile\u015ftirmesi ve \u00f6nlemesiyle de bilinir. Kan damarlar\u0131 elastikiyetini kaybetti\u011finde, kan bacaklarda birikir ve s\u0131v\u0131 kan damarlar\u0131ndan s\u0131zar, bacaklar\u0131n \u015fi\u015fmesine neden olur. Bir\u00e7ok \u00e7al\u0131\u015fma, gotu kola alan ki\u015filerin belirtilerinin iyile\u015fti\u011fini g\u00f6stermektedir.<\/p>\n<p>&nbsp;<\/p>\n<p><strong>Kafein<\/strong> Yorgunluk veya uykusuzluk ya\u015fand\u0131\u011f\u0131nda zihinsel uyan\u0131kl\u0131\u011f\u0131 veya uyan\u0131kl\u0131\u011f\u0131 ge\u00e7ici olarak geri kazanmaya yard\u0131mc\u0131 olur. L-TYROSINE Amino asit Tyrosine, baz\u0131 stres t\u00fcrlerinin y\u00f6netiminde yard\u0131mc\u0131 olur (fiziksel, psikolojik, uyku eksikli\u011fi ve buna benzer bir \u00e7ok fonksiyonlar\u0131 bulunmaktad\u0131r).<\/p>\n<p>&nbsp;<\/p>\n<p><strong>CITRUS AURANTIUM SYNEPHRINE<\/strong> \u2013 Synephrine&#8217;nin harika \u00f6zelliklerinden biri, enerjiyi ve metabolizma h\u0131z\u0131n\u0131 art\u0131rma yetene\u011fi olup bunu yaparken kalp at\u0131\u015f h\u0131z\u0131n\u0131 veya kan bas\u0131nc\u0131n\u0131 art\u0131rmamas\u0131d\u0131r. Bu ilgin\u00e7 etki, onu kilo kayb\u0131 ve enerji art\u0131r\u0131c\u0131 bak\u0131m\u0131ndan yard\u0131mc\u0131 olarak pop\u00fclerli\u011fini art\u0131rm\u0131\u015ft\u0131r. Synephrine, beyindeki adrenerjik resept\u00f6rler \u00fczerinde etki eder. zalm\u0131\u015f i\u015ftah, y\u00fcksek metabolizma, kolesterol metabolizmas\u0131 ve ya\u011f yakma gibi \u015feylerle ili\u015fkili adrenerjik resept\u00f6rlere odaklanarak, Synephrine artan kan bas\u0131nc\u0131 ve vazokonstriksiyon olmadan uyar\u0131c\u0131 benzeri etkiler \u00fcretebilir.<\/p>\n<p>&nbsp;<\/p>\n<p><strong>L-T\u0130ROZ\u0130N<\/strong> \u2013 Dopamin ve norepinefrini, duygu durumunun s\u00fcrd\u00fcr\u00fclmesi i\u00e7in \u00f6nemli olan iki n\u00f6rotransmitteri geri kazanmaya yard\u0131mc\u0131 olan bir amino asittir. Bu n\u00f6rotransmitterler, uzun s\u00fcreli \u00e7al\u0131\u015fma veya egzersiz, so\u011fu\u011fa maruz kalma ve uykusuzluk gibi stres durumlar\u0131nda azalabilir. L-Tyrosine takviyesi yapmak, v\u00fccudun stresle ba\u015fa \u00e7\u0131kmas\u0131na yard\u0131mc\u0131 olur ve duygu durumu, enerji seviyeleri ve uyan\u0131kl\u0131\u011f\u0131 art\u0131r\u0131r.<\/p>\n<p>&nbsp;<\/p>\n<p><strong>.<\/strong> . . . .<\/p>\n<p>&nbsp;<\/p>\n","protected":false},"excerpt":{"rendered":"<ul class=\"trx_addons_list trx_addons_list_circle\">\n<li>Lezzetli tad\u0131n\u0131 ve faydalar\u0131n\u0131 her zaman, her yerde deneyimleyin.<\/li>\n<li>\u0130nan\u0131lmaz esneklik ve \u00fcst\u00fcn de\u011fer sunar.<\/li>\n<li>Harika tatlarda mevcuttur.<\/li>\n<\/ul>\n","protected":false},"featured_media":10682,"comment_status":"open","ping_status":"closed","template":"","meta":[],"product_cat":[130],"product_tag":[],"class_list":["post-10729","product","type-product","status-publish","has-post-thumbnail","hentry","product_cat-vucudu-sinirlarinin-otesine-tasir"],"_links":{"self":[{"href":"https:\/\/ironfitnutrition.com\/tr\/wp-json\/wp\/v2\/product\/10729","targetHints":{"allow":["GET"]}}],"collection":[{"href":"https:\/\/ironfitnutrition.com\/tr\/wp-json\/wp\/v2\/product"}],"about":[{"href":"https:\/\/ironfitnutrition.com\/tr\/wp-json\/wp\/v2\/types\/product"}],"replies":[{"embeddable":true,"href":"https:\/\/ironfitnutrition.com\/tr\/wp-json\/wp\/v2\/comments?post=10729"}],"version-history":[{"count":0,"href":"https:\/\/ironfitnutrition.com\/tr\/wp-json\/wp\/v2\/product\/10729\/revisions"}],"wp:featuredmedia":[{"embeddable":true,"href":"https:\/\/ironfitnutrition.com\/tr\/wp-json\/wp\/v2\/media\/10682"}],"wp:attachment":[{"href":"https:\/\/ironfitnutrition.com\/tr\/wp-json\/wp\/v2\/media?parent=10729"}],"wp:term":[{"taxonomy":"product_cat","embeddable":true,"href":"https:\/\/ironfitnutrition.com\/tr\/wp-json\/wp\/v2\/product_cat?post=10729"},{"taxonomy":"product_tag","embeddable":true,"href":"https:\/\/ironfitnutrition.com\/tr\/wp-json\/wp\/v2\/product_tag?post=10729"}],"curies":[{"name":"wp","href":"https:\/\/api.w.org\/{rel}","templated":true}]}}