{"id":10733,"date":"2023-06-08T10:46:06","date_gmt":"2023-06-08T10:46:06","guid":{"rendered":"https:\/\/ironfitnutrition.com\/product\/yag-yakici-torched\/"},"modified":"2023-06-08T10:46:06","modified_gmt":"2023-06-08T10:46:06","slug":"torched","status":"publish","type":"product","link":"https:\/\/ironfitnutrition.com\/tr\/urun\/torched\/","title":{"rendered":"YA\u011e YAKICI &#8211; TORCHED"},"content":{"rendered":"<p><strong>YE\u015e\u0130L KAHVE<\/strong> &#8211; Potansiyel sa\u011fl\u0131k yararlar\u0131 olan kavrulmam\u0131\u015f kahve \u00e7ekirdekleri. . . . . .<\/p>\n<p>&nbsp;<\/p>\n<p><strong>CORDYCEPS SINENSIS<\/strong> &#8211; Ba\u011f\u0131\u015f\u0131kl\u0131k sistemini g\u00fc\u00e7lendirmek, atletik performans\u0131 art\u0131rmak, ya\u015flanman\u0131n etkilerini azaltmak, daha uzun ya\u015fam\u0131 te\u015fvik etmek ve karaci\u011fer fonksiyonlar\u0131n\u0131 iyile\u015ftirmek i\u00e7in de kullan\u0131l\u0131r. Baz\u0131 insanlar cordyceps&#8217;i bir uyar\u0131c\u0131, tonik ve enerjiyi art\u0131rmak, dayan\u0131kl\u0131l\u0131\u011f\u0131 art\u0131rmak ve yorgunlu\u011fu azaltmak i\u00e7in kullan\u0131lan bir &#8220;adaptojen&#8221; olarak kullan\u0131rlar.<\/p>\n<p>&nbsp;<\/p>\n<p><strong>L-KARN\u0130T\u0130N TARTRAT<\/strong> &#8211; Ara\u015ft\u0131rmalar, L-Karnitinin ya\u011f k\u00fctlesini azaltmaya, kas k\u00fctlesini art\u0131rmaya ve yorgunlu\u011fu azaltmaya yard\u0131mc\u0131 oldu\u011funu g\u00f6stermi\u015ftir. L-Karnitin L-Tartrat, L- Karnitinin biyolojik olarak en kullan\u0131labilir formlar\u0131ndan biridir.<\/p>\n<p>&nbsp;<\/p>\n<p><strong>KAFE\u0130N ANH\u0130DROZ<\/strong> &#8211; Kafein sporcular aras\u0131nda en yayg\u0131n kullan\u0131lan uyar\u0131c\u0131lardan biridir.<\/p>\n<p>&nbsp;<\/p>\n<p><strong>YE\u015e\u0130L \u00c7AY EKSTRES\u0130<\/strong> &#8211; Ye\u015fil \u00c7ay Ekstresi, g\u00fc\u00e7l\u00fc antioksidan faydalar sa\u011flayan Polifenoller ve Kate\u015finler dahil olmak \u00fczere \u00e7ok say\u0131da bile\u015fik i\u00e7erir. \u00d6zellikle bir Kate\u015fin olan EGCg, laboratuvar \u00e7al\u0131\u015fmalar\u0131nda ola\u011fan\u00fcst\u00fc serbest radikal s\u00f6nd\u00fcrme g\u00fcc\u00fc g\u00f6stermi\u015ftir. Klinik olmayan \u00e7al\u0131\u015fmalarda, EGCg&#8217;nin dokular \u00fczerindeki kimyasal ve \u00e7evresel sald\u0131r\u0131lara kar\u015f\u0131 koruyucu oldu\u011fu ve sa\u011fl\u0131kl\u0131 h\u00fccre d\u00f6ng\u00fcs\u00fc d\u00fczenlemesini desteklemeye yard\u0131mc\u0131 oldu\u011fu da g\u00f6sterilmi\u015ftir.<\/p>\n<p>&nbsp;<\/p>\n<p><strong>TAUR\u0130N<\/strong> &#8211; Esansiyel olmayan bir amino asit olan Taurin, merkezi sinir sisteminde, beyaz kan h\u00fccrelerinde, beyinde ve iskelet kaslar\u0131nda bulunabilen v\u00fccuttaki en bol amino asitlerden biridir. Glutamine benzer \u015fekilde, Taurin de \u015fartl\u0131 olarak gerekli bir amino asit olarak kabul edilir. A\u015f\u0131r\u0131 fiziksel yorgunluk zamanlar\u0131nda v\u00fccut yeterince amino asit \u00fcretmez ve takviye olarak \u00f6nerilir.<\/p>\n<p>&nbsp;<\/p>\n<p><strong>.<\/strong> . .<\/p>\n<p>&nbsp;<\/p>\n<p><strong>CITRUS AURANTIUM SYNEPHRINE<\/strong> &#8211; Synephrine&#8217;in en b\u00fcy\u00fck \u00f6zelliklerinden biri, kalp at\u0131\u015f h\u0131z\u0131n\u0131 veya kan bas\u0131nc\u0131n\u0131 art\u0131rmadan hem enerjiyi hem de metabolik h\u0131z\u0131 art\u0131rma yetene\u011fidir. Bu ilgin\u00e7 etki, bir kilo verme ve enerji pompalama yard\u0131mc\u0131s\u0131 olarak pop\u00fclaritesinin artmas\u0131na yol a\u00e7m\u0131\u015ft\u0131r. Sinefrin beyindeki adrenerjik resept\u00f6rler \u00fczerinde \u00e7al\u0131\u015f\u0131r. \u0130\u015ftah azalmas\u0131, y\u00fcksek metabolizma, kolesterol metabolizmas\u0131 ve ya\u011f yak\u0131m\u0131 gibi konularla ilgili adrenerjik resept\u00f6rleri hedef alan Synephrine, kan bas\u0131nc\u0131 art\u0131\u015f\u0131 ve vazokonstriksiyon olmaks\u0131z\u0131n uyar\u0131c\u0131 benzeri etkiler \u00fcretebilmektedir.<\/p>\n<p>&nbsp;<\/p>\n<p><strong>Piperinin<\/strong> sa\u011fl\u0131k takviyelerindeki birincil de\u011feri, di\u011fer vitamin ve minerallerin biyoyararlan\u0131m\u0131n\u0131 art\u0131rma kabiliyetidir.<\/p>\n","protected":false},"excerpt":{"rendered":"<ul>\n<li>60 Kaps\u00fcl<\/li>\n<li>Y\u00fcksek yo\u011funluklu sporlar ve antrenmanlar i\u00e7in form\u00fcle edilmi\u015ftir.<\/li>\n<li>G\u00fc\u00e7 \u00e7\u0131k\u0131\u015f\u0131n\u0131, zihinsel odaklanmay\u0131 ve dayan\u0131kl\u0131l\u0131\u011f\u0131 art\u0131rmaya yard\u0131mc\u0131 olur,<\/li>\n<li>Uyar\u0131c\u0131lar olmadan termojenez,<\/li>\n<li>Ya\u011f yakmaya yard\u0131mc\u0131 olur,<\/li>\n<li>Yiyecek isteklerini ve a\u00e7l\u0131\u011f\u0131 azalt\u0131r.<\/li>\n<li>Yan etkisi bulunmamaktad\u0131r.<\/li>\n<\/ul>\n","protected":false},"featured_media":10667,"comment_status":"open","ping_status":"closed","template":"","meta":[],"product_cat":[130],"product_tag":[],"class_list":["post-10733","product","type-product","status-publish","has-post-thumbnail","hentry","product_cat-vucudu-sinirlarinin-otesine-tasir"],"_links":{"self":[{"href":"https:\/\/ironfitnutrition.com\/tr\/wp-json\/wp\/v2\/product\/10733","targetHints":{"allow":["GET"]}}],"collection":[{"href":"https:\/\/ironfitnutrition.com\/tr\/wp-json\/wp\/v2\/product"}],"about":[{"href":"https:\/\/ironfitnutrition.com\/tr\/wp-json\/wp\/v2\/types\/product"}],"replies":[{"embeddable":true,"href":"https:\/\/ironfitnutrition.com\/tr\/wp-json\/wp\/v2\/comments?post=10733"}],"version-history":[{"count":0,"href":"https:\/\/ironfitnutrition.com\/tr\/wp-json\/wp\/v2\/product\/10733\/revisions"}],"wp:featuredmedia":[{"embeddable":true,"href":"https:\/\/ironfitnutrition.com\/tr\/wp-json\/wp\/v2\/media\/10667"}],"wp:attachment":[{"href":"https:\/\/ironfitnutrition.com\/tr\/wp-json\/wp\/v2\/media?parent=10733"}],"wp:term":[{"taxonomy":"product_cat","embeddable":true,"href":"https:\/\/ironfitnutrition.com\/tr\/wp-json\/wp\/v2\/product_cat?post=10733"},{"taxonomy":"product_tag","embeddable":true,"href":"https:\/\/ironfitnutrition.com\/tr\/wp-json\/wp\/v2\/product_tag?post=10733"}],"curies":[{"name":"wp","href":"https:\/\/api.w.org\/{rel}","templated":true}]}}