{"id":10734,"date":"2023-11-23T13:07:05","date_gmt":"2023-11-23T13:07:05","guid":{"rendered":"https:\/\/ironfitnutrition.com\/product\/10734\/"},"modified":"2023-12-30T12:30:46","modified_gmt":"2023-12-30T12:30:46","slug":"liver-cleanse","status":"publish","type":"product","link":"https:\/\/ironfitnutrition.com\/tr\/urun\/liver-cleanse\/","title":{"rendered":"Karaci\u011fer Detoksu"},"content":{"rendered":"<p><strong>SCHISANDRA<\/strong> &#8211; \u00c7in ve Rusya&#8217;ya \u00f6zg\u00fc yaprak d\u00f6ken bir sarma\u015f\u0131kt\u0131r ve geleneksel \u00c7in t\u0131bb\u0131nda uzun s\u00fcredir kullan\u0131lan koyu k\u0131rm\u0131z\u0131 meyveler ta\u015f\u0131r. schisandra&#8217;daki kimyasallar, karaci\u011ferdeki enzimleri (biyokimyasal reaksiyonlar\u0131 h\u0131zland\u0131ran proteinler) uyararak ve karaci\u011fer h\u00fccresi b\u00fcy\u00fcmesini te\u015fvik ederek karaci\u011fer fonksiyonunu iyile\u015ftirir. ayn\u0131 zamanda v\u00fccudun i\u015flevlerini dengeleyen ve homeostaz\u0131 koruyan bir bitki veya bitki anlam\u0131na gelen bir &#8220;adaptojen&#8221; olarak da kullan\u0131l\u0131r.<\/p>\n<p><strong>ASTRAGALUS<\/strong> &#8211; bir bitkidir. K\u00f6k\u00fcndeki aktif bile\u015fikler ba\u011f\u0131\u015f\u0131kl\u0131k sistemini uyarmaya ve art\u0131rmaya, iltihab\u0131 azaltmaya ve ya\u015flanma kar\u015f\u0131t\u0131 etkilere yard\u0131mc\u0131 olabilir. \u00c7al\u0131\u015fmalar, Astragalus\u2019un b\u00f6brek hastal\u0131\u011f\u0131 olanlarda b\u00f6brek fonksiyonlar\u0131n\u0131 iyile\u015ftirmeye yard\u0131mc\u0131 olabilece\u011fini g\u00f6stermektedir. Ayr\u0131ca b\u00f6brek fonksiyonu azalm\u0131\u015f olanlarda enfeksiyonlar\u0131 \u00f6nleyebilir.<\/p>\n<p><strong>S\u00dcT DEVED\u0130KEN\u0130<\/strong> &#8211; karaci\u011fer fonksiyonlar\u0131n\u0131 iyile\u015ftiren bir madde olan silimarin i\u00e7eren bir bitkidir. silimarin \u00fczerine yap\u0131lan ara\u015ft\u0131rmalar, karaci\u011feri iltihaptan, \u00f6zellikle hepatit ve sirozdan ve safra kanallar\u0131n\u0131n iltihaplanmas\u0131ndan (kolanjit) koruyabilece\u011fini g\u00f6stermektedir. \u00e7al\u0131\u015fmalar ayr\u0131ca silimarinin v\u00fccudu serbest radikallerden korumaya yard\u0131mc\u0131 olan bir antioksidan oldu\u011funu, ayr\u0131ca iltihab\u0131 azaltmaya ve karaci\u011fere zarar veren toksinlerin etkilerini engellemeye yard\u0131mc\u0131 olabilece\u011fini g\u00f6stermektedir.<\/p>\n<p><strong>Zerde\u00e7al<\/strong> &#8211; Curcuma longa k\u00f6k\u00fcnden elde edilen yayg\u0131n bir baharatt\u0131r. G\u00fc\u00e7l\u00fc anti-enflamatuar etkileri olan ve \u00e7ok g\u00fc\u00e7l\u00fc bir antioksidan olan curcumin adl\u0131 bir kimyasal i\u00e7erir.<\/p>\n<p><strong>CHOLINE BITARTRATE<\/strong> &#8211; sa\u011fl\u0131kl\u0131 karaci\u011fer fonksiyonunu destekler, ya\u011flar\u0131n ve kolesterol\u00fcn em\u00fclsifiye edilmesine yard\u0131mc\u0131 olur. sa\u011fl\u0131kl\u0131 bili\u015fsel i\u015flevi, zihinsel odaklanmay\u0131 ve haf\u0131zay\u0131 destekler.<\/p>\n<p><strong>L-METHIONINE<\/strong> -Bir amino asittir. amino asitler v\u00fccudumuzun protein yapmak i\u00e7in kulland\u0131\u011f\u0131 yap\u0131 ta\u015flar\u0131d\u0131r. metiyonin v\u00fccut dokular\u0131m\u0131z\u0131n normal b\u00fcy\u00fcmesi ve onar\u0131m\u0131 i\u00e7in gereklidir. metiyonin cildin tonunu ve elastikiyetini art\u0131ran, sa\u011fl\u0131kl\u0131 sa\u00e7lar\u0131 destekleyen ve t\u0131rnaklar\u0131 g\u00fc\u00e7lendiren k\u00fck\u00fcrt i\u00e7eren bir amino asittir. ya\u015flanma s\u00fcrecini yava\u015flatabilir ve detoksifikasyon s\u00fcrecini kolayla\u015ft\u0131rabilir.<\/p>\n<p><strong>ARTICHOKE<\/strong> &#8211; g\u00fc\u00e7l\u00fc antioksidanlar ve prebiyotikler i\u00e7eren besleyici bir besindir. \u00f6zleri kolesterol\u00fc d\u00fc\u015f\u00fcrmeye, karaci\u011feri korumaya ve bakteri ve mantarlara kar\u015f\u0131 sava\u015fmaya yard\u0131mc\u0131 olmak i\u00e7in kullan\u0131l\u0131r. detoksifikasyonu ve ya\u011fda \u00e7\u00f6z\u00fcnen besinlerin emilimini destekleyen bir karaci\u011fer \u00fcr\u00fcn\u00fc olan safra sentezini uyar\u0131r.<\/p>\n<p><strong>KARAH\u0130ND\u0130BA K\u00d6K\u00dc<\/strong> &#8211; karaci\u011ferin temizlenmesine yard\u0131mc\u0131 olur. k\u00f6k\u00fcndeki bile\u015fikler safra \u00fcretiminde art\u0131\u015fa neden olur. safradaki art\u0131\u015f sindirimin iyile\u015ftirilmesine ve toksinlerin h\u0131zl\u0131 ve verimli bir \u015fekilde at\u0131lmas\u0131na yard\u0131mc\u0131 olarak karaci\u011feri temizler. karahindiba ayr\u0131ca karaci\u011ferin iyile\u015fmesini destekleyen vitamin ve besinlerle doludur.<\/p>\n<p><strong>BROMELAIN<\/strong> &#8211; ananas bitkisinin sap\u0131ndan, meyvesinden ve suyundan elde edilen bir enzim \u00f6z\u00fcd\u00fcr. sindirime yard\u0131mc\u0131 olarak kullan\u0131l\u0131r ve v\u00fccudun proteinleri par\u00e7alamas\u0131na ve sindirmesine yard\u0131mc\u0131 olur.<\/p>\n<p><strong>R-ALPHA-LIPOIC ACID<\/strong> &#8211; h\u00fccrenin t\u00fcm b\u00f6l\u00fcmlerindeki zararl\u0131 serbest radikalleri benzersiz bir \u015fekilde n\u00f6tralize eden ve di\u011fer antioksidanlar\u0131 yenileyerek antioksidan savunmay\u0131 g\u00fc\u00e7lendiren do\u011fal olarak olu\u015fan bir antioksidand\u0131r. do\u011frudan C vitamini, glutatyon ve koenzim q10&#8217;un metabolik ya\u015fam s\u00fcrelerini geri d\u00f6n\u00fc\u015ft\u00fcr\u00fcr ve uzat\u0131r ve dolayl\u0131 olarak E vitaminini yeniler.<\/p>\n<p><strong>Selenyum<\/strong> &#8211; V\u00fccudunuzun D\u00fczg\u00fcn \u00c7al\u0131\u015fmas\u0131 I\u00e7in Gerekli Olan G\u00fc\u00e7l\u00fc Bir Mineraldir. Metabolizma Ve Tiroid Fonksiyonlar\u0131nda Kritik Bir Rol Oynar Ve V\u00fccudunuzu Oksidatif Stresin Neden Oldu\u011fu Hasardan Korumaya Yard\u0131mc\u0131 Olur. Ayr\u0131ca Zararl\u0131 Serbest Radikalleri V\u00fccuttan Atar Ve Uzakla\u015ft\u0131r\u0131r Ve Sadece K\u00fc\u00e7\u00fck Bir Miktara Ihtiyac\u0131n\u0131z Vard\u0131r, Ancak V\u00fccudunuzdaki \u00d6nemli S\u00fcre\u00e7lerde \u00d6nemli Bir Rol Oynar. Karaci\u011feriniz Inan\u0131lmaz Bir Yenilenme Yetene\u011fine Sahiptir. Karaci\u011fer H\u00fccreleri Do\u011fru Ko\u015fullar Alt\u0131nda Yenilenebilir Ve Selenyum Bunu M\u00fcmk\u00fcn K\u0131lar. Iltihaplanma Ve Oksidatif Stresi Azaltarak Karaci\u011feriniz Hastal\u0131klardan Iyile\u015febilir.<\/p>\n","protected":false},"excerpt":{"rendered":"<p class=\"default_cursor_cs\">Hepimiz karaci\u011ferin genel sa\u011fl\u0131\u011f\u0131m\u0131z ve refah\u0131m\u0131z i\u00e7in ne kadar \u00f6nemli oldu\u011funu biliyoruz, ancak \u00e7ok az\u0131m\u0131z bu hayati organa bakmak i\u00e7in bir \u015feyler yap\u0131yoruz.<\/p>\n<p class=\"default_cursor_cs\">\u0130\u015fte Liver Cleanse burada devreye giriyor. u g\u00fc\u00e7l\u00fc vitamin ve mineral kar\u0131\u015f\u0131m\u0131 sa\u011fl\u0131kl\u0131 bir karaci\u011fer i\u00e7in besinsel destek sunar ve bu hayati organ\u0131n y\u0131llarca d\u00fczg\u00fcn \u00e7al\u0131\u015fmas\u0131na yard\u0131mc\u0131 olabilir.<\/p>\n<p class=\"default_cursor_cs\">Karaci\u011feriniz i\u00e7in ekstra bir koruma seviyesi eklemek veya sadece bu \u00f6nemli organ\u0131n bak\u0131m\u0131 konusunda proaktif olmak istiyorsan\u0131z, Liver Cleanse m\u00fckemmel bir \u00e7\u00f6z\u00fcmd\u00fcr.<\/p>\n","protected":false},"featured_media":10646,"comment_status":"open","ping_status":"closed","template":"","meta":[],"product_cat":[130],"product_tag":[],"class_list":["post-10734","product","type-product","status-publish","has-post-thumbnail","hentry","product_cat-vucudu-sinirlarinin-otesine-tasir"],"_links":{"self":[{"href":"https:\/\/ironfitnutrition.com\/tr\/wp-json\/wp\/v2\/product\/10734","targetHints":{"allow":["GET"]}}],"collection":[{"href":"https:\/\/ironfitnutrition.com\/tr\/wp-json\/wp\/v2\/product"}],"about":[{"href":"https:\/\/ironfitnutrition.com\/tr\/wp-json\/wp\/v2\/types\/product"}],"replies":[{"embeddable":true,"href":"https:\/\/ironfitnutrition.com\/tr\/wp-json\/wp\/v2\/comments?post=10734"}],"version-history":[{"count":1,"href":"https:\/\/ironfitnutrition.com\/tr\/wp-json\/wp\/v2\/product\/10734\/revisions"}],"predecessor-version":[{"id":10735,"href":"https:\/\/ironfitnutrition.com\/tr\/wp-json\/wp\/v2\/product\/10734\/revisions\/10735"}],"wp:featuredmedia":[{"embeddable":true,"href":"https:\/\/ironfitnutrition.com\/tr\/wp-json\/wp\/v2\/media\/10646"}],"wp:attachment":[{"href":"https:\/\/ironfitnutrition.com\/tr\/wp-json\/wp\/v2\/media?parent=10734"}],"wp:term":[{"taxonomy":"product_cat","embeddable":true,"href":"https:\/\/ironfitnutrition.com\/tr\/wp-json\/wp\/v2\/product_cat?post=10734"},{"taxonomy":"product_tag","embeddable":true,"href":"https:\/\/ironfitnutrition.com\/tr\/wp-json\/wp\/v2\/product_tag?post=10734"}],"curies":[{"name":"wp","href":"https:\/\/api.w.org\/{rel}","templated":true}]}}