{"id":10736,"date":"2023-12-18T21:23:21","date_gmt":"2023-12-18T21:23:21","guid":{"rendered":"https:\/\/ironfitnutrition.com\/product\/ifn-karistirici-sise\/"},"modified":"2023-12-18T21:23:21","modified_gmt":"2023-12-18T21:23:21","slug":"shaker-bottle","status":"publish","type":"product","link":"https:\/\/ironfitnutrition.com\/tr\/urun\/shaker-bottle\/","title":{"rendered":"IFN Kar\u0131\u015ft\u0131r\u0131c\u0131 \u015ei\u015fe"},"content":{"rendered":"","protected":false},"excerpt":{"rendered":"<p>700ml<\/p>\n","protected":false},"featured_media":10643,"comment_status":"open","ping_status":"closed","template":"","meta":[],"product_cat":[133],"product_tag":[],"class_list":["post-10736","product","type-product","status-publish","has-post-thumbnail","hentry","product_cat-aksesuarlar"],"_links":{"self":[{"href":"https:\/\/ironfitnutrition.com\/tr\/wp-json\/wp\/v2\/product\/10736","targetHints":{"allow":["GET"]}}],"collection":[{"href":"https:\/\/ironfitnutrition.com\/tr\/wp-json\/wp\/v2\/product"}],"about":[{"href":"https:\/\/ironfitnutrition.com\/tr\/wp-json\/wp\/v2\/types\/product"}],"replies":[{"embeddable":true,"href":"https:\/\/ironfitnutrition.com\/tr\/wp-json\/wp\/v2\/comments?post=10736"}],"version-history":[{"count":0,"href":"https:\/\/ironfitnutrition.com\/tr\/wp-json\/wp\/v2\/product\/10736\/revisions"}],"wp:featuredmedia":[{"embeddable":true,"href":"https:\/\/ironfitnutrition.com\/tr\/wp-json\/wp\/v2\/media\/10643"}],"wp:attachment":[{"href":"https:\/\/ironfitnutrition.com\/tr\/wp-json\/wp\/v2\/media?parent=10736"}],"wp:term":[{"taxonomy":"product_cat","embeddable":true,"href":"https:\/\/ironfitnutrition.com\/tr\/wp-json\/wp\/v2\/product_cat?post=10736"},{"taxonomy":"product_tag","embeddable":true,"href":"https:\/\/ironfitnutrition.com\/tr\/wp-json\/wp\/v2\/product_tag?post=10736"}],"curies":[{"name":"wp","href":"https:\/\/api.w.org\/{rel}","templated":true}]}}