{"id":10863,"date":"2023-12-03T18:19:03","date_gmt":"2023-12-03T18:19:03","guid":{"rendered":"https:\/\/ironfitnutrition.com\/product\/iron-lean-mass\/"},"modified":"2024-01-19T12:06:51","modified_gmt":"2024-01-19T12:06:51","slug":"iron-lean-mass","status":"publish","type":"product","link":"https:\/\/ironfitnutrition.com\/tr\/urun\/iron-lean-mass\/","title":{"rendered":"IRON LEAN MASS"},"content":{"rendered":"<p>IRON LEAN MASS Gainer<\/p>\n<p>Sadece en y\u00fcksek kalitedeki malzemeleri kullan\u0131r, \u00e7\u00fcnk\u00fc sonu\u00e7ta hedef, b\u00fcy\u00fck ve ya\u011fs\u0131z olmakt\u0131r; \u00e7\u00fcnk\u00fc b\u00fcy\u00fck ve ya\u011fl\u0131 olmak istemiyoruz. emiz bir k\u00fctleyici ararken, az daha fazlad\u0131r. Form\u00fcl\u00fcm\u00fcz, iyile\u015fme s\u0131ras\u0131nda say\u0131lan kalorileri sunar. Her servis, iyile\u015fmeyi ba\u015flatmaya yard\u0131mc\u0131 olmak i\u00e7in 25 gram y\u00fcksek kaliteli protein ve enerji seviyelerini geri kazanmak i\u00e7in 65 gram karbonhidrat ile doludur. IRON LEAN MASS Gainer, antrenman sonras\u0131 shake&#8217;iniz veya \u00f6\u011f\u00fcnler aras\u0131nda kalori al\u0131m\u0131n\u0131 desteklemek i\u00e7in optimal form\u00fcl\u00fc sunar.<\/p>\n","protected":false},"excerpt":{"rendered":"<ul>\n<li>..<\/li>\n<li>.<\/li>\n<li>.<\/li>\n<li>Tatlar\u0131yla harika lezzetlerde bulunabilir<\/li>\n<\/ul>\n","protected":false},"featured_media":10634,"comment_status":"open","ping_status":"closed","template":"","meta":[],"product_cat":[130],"product_tag":[],"class_list":["post-10863","product","type-product","status-publish","has-post-thumbnail","hentry","product_cat-vucudu-sinirlarinin-otesine-tasir"],"_links":{"self":[{"href":"https:\/\/ironfitnutrition.com\/tr\/wp-json\/wp\/v2\/product\/10863","targetHints":{"allow":["GET"]}}],"collection":[{"href":"https:\/\/ironfitnutrition.com\/tr\/wp-json\/wp\/v2\/product"}],"about":[{"href":"https:\/\/ironfitnutrition.com\/tr\/wp-json\/wp\/v2\/types\/product"}],"replies":[{"embeddable":true,"href":"https:\/\/ironfitnutrition.com\/tr\/wp-json\/wp\/v2\/comments?post=10863"}],"version-history":[{"count":1,"href":"https:\/\/ironfitnutrition.com\/tr\/wp-json\/wp\/v2\/product\/10863\/revisions"}],"predecessor-version":[{"id":10866,"href":"https:\/\/ironfitnutrition.com\/tr\/wp-json\/wp\/v2\/product\/10863\/revisions\/10866"}],"wp:featuredmedia":[{"embeddable":true,"href":"https:\/\/ironfitnutrition.com\/tr\/wp-json\/wp\/v2\/media\/10634"}],"wp:attachment":[{"href":"https:\/\/ironfitnutrition.com\/tr\/wp-json\/wp\/v2\/media?parent=10863"}],"wp:term":[{"taxonomy":"product_cat","embeddable":true,"href":"https:\/\/ironfitnutrition.com\/tr\/wp-json\/wp\/v2\/product_cat?post=10863"},{"taxonomy":"product_tag","embeddable":true,"href":"https:\/\/ironfitnutrition.com\/tr\/wp-json\/wp\/v2\/product_tag?post=10863"}],"curies":[{"name":"wp","href":"https:\/\/api.w.org\/{rel}","templated":true}]}}