{"id":10867,"date":"2023-06-08T09:36:09","date_gmt":"2023-06-08T09:36:09","guid":{"rendered":"https:\/\/ironfitnutrition.com\/product\/whey-protein-konsantresi\/"},"modified":"2023-06-08T09:36:09","modified_gmt":"2023-06-08T09:36:09","slug":"iron-whey","status":"publish","type":"product","link":"https:\/\/ironfitnutrition.com\/tr\/urun\/iron-whey\/","title":{"rendered":"WHEY PROTE\u0130N KONSANTRES\u0130"},"content":{"rendered":"<p><strong>Premium Whey Protein Kar\u0131\u015f\u0131m\u0131m\u0131z<\/strong><\/p>\n<p>Iron Whey, Kanada&#8217;n\u0131n Iron Fit Nutrition taraf\u0131ndan sunulan, kaslar\u0131n\u0131z\u0131 beslemek, iyile\u015fmenizi art\u0131rmak ve enerjinizi art\u0131rmak i\u00e7in tasarlanm\u0131\u015f y\u00fcksek kaliteli ithal whey protein tozudur.<\/p>\n<p>sa\u011fl\u0131k ve fitness hedeflerinizi desteklemektedir. Sporcular, v\u00fccut geli\u015ftirenler ve fitness tutkunlar\u0131 i\u00e7in tasarlanm\u0131\u015f olan bu \u00fcr\u00fcn, yolculu\u011funuzda g\u00fcvenilir bir arkada\u015ft\u0131r.<\/p>\n<p>geli\u015fmi\u015f g\u00fc\u00e7, kas b\u00fcy\u00fcmesi ve genel sa\u011fl\u0131k i\u00e7in. GDO i\u00e7ermeyen, glutensiz malzemelerle yap\u0131lm\u0131\u015f, soya, dolgu maddeleri ve hormonlardan ar\u0131nd\u0131r\u0131lm\u0131\u015ft\u0131r. Iron whey<\/p>\n<p>Temiz ve sa\u011fl\u0131kl\u0131 bilin\u00e7li ya\u015fam tarz\u0131n\u0131zla m\u00fckemmel bir uyum sa\u011flar.<\/p>\n<p>&nbsp;<\/p>\n<p><strong>Whey Protein Konsantresi Nedir?<\/strong><\/p>\n<p>Iron Whey&#8217;nin g\u00fcc\u00fcn\u00fc ger\u00e7ekten anlamak i\u00e7in, whey proteinin ne oldu\u011funu bilmek faydal\u0131 olacakt\u0131r. Whey protein, peynir yap\u0131m\u0131 s\u0131ras\u0131nda s\u00fctten elde edilir.<\/p>\n<p>\u0130\u015flem s\u0131ras\u0131nda elde edilen whey protein, zengin amino asit profili nedeniyle y\u00fcksek takdir g\u00f6r\u00fcr. Bu, sindirimi ve emilimi en kolay protein kaynaklar\u0131ndan biridir, bu da onu ideal bir tercih yapar.<\/p>\n<p>Kas iyile\u015fmesi ve b\u00fcy\u00fcmesi i\u00e7in ideal bir se\u00e7enek olmas\u0131n\u0131 sa\u011flar.<\/p>\n<p>&nbsp;<\/p>\n<p><strong>Whey Protein Konsantresi Nas\u0131l Kullan\u0131l\u0131r?<\/strong><\/p>\n<p>Whey Protein Konsantresi, antrenman sonras\u0131 kullan\u0131lmak \u00fczere veya g\u00fcn boyunca \u00f6\u011f\u00fcnleri tamamlamak i\u00e7in bir \u00f6\u011f\u00fcn yerine ge\u00e7me olarak kullanmak i\u00e7in uygun bir se\u00e7enektir. Bunun, i\u00e7ine kar\u0131\u015ft\u0131r\u0131labilir.<\/p>\n<p>Meyve ve buz ile bir blender i\u00e7inde kar\u0131\u015ft\u0131r\u0131labilir, bir shake \u015fi\u015fesinde kar\u0131\u015ft\u0131r\u0131labilir veya favori i\u00e7ece\u011finize kar\u0131\u015ft\u0131r\u0131labilir.<\/p>\n<p>Protein Konsantresi, istenen k\u0131vama ba\u011fl\u0131 olarak 1 yuvarlak kep\u00e7e tozun 200-250 ml (so\u011fuk su, s\u00fct, ya\u011fs\u0131z) ile en iyi t\u00fcketilir.<\/p>\n<p>s\u00fct veya tercih etti\u011finiz i\u00e7ecekle.<\/p>\n<p>Servis miktar\u0131, bireyin g\u00fcnl\u00fck protein ihtiyac\u0131na ba\u011fl\u0131 olarak de\u011fi\u015fir.<\/p>\n<p>\u00d6nerilen servis kurallar\u0131:<\/p>\n<p>200 pound (lb) v\u00fccut a\u011f\u0131rl\u0131\u011f\u0131n\u0131n alt\u0131ndaki erkekler i\u00e7in: 1 yuvarlak \u00f6l\u00e7ek<\/p>\n<p>200 pound (lb) v\u00fccut a\u011f\u0131rl\u0131\u011f\u0131n\u0131n \u00fczerindeki erkekler i\u00e7in: 2 yuvarlak \u00f6l\u00e7ek<\/p>\n<p>175 pound (lb) v\u00fccut a\u011f\u0131rl\u0131\u011f\u0131n\u0131n alt\u0131ndaki kad\u0131nlar i\u00e7in: 1 yuvarlak \u00f6l\u00e7ek<\/p>\n<p>175 pound (lb) v\u00fccut a\u011f\u0131rl\u0131\u011f\u0131n\u0131n \u00fczerindeki kad\u0131nlar i\u00e7in: 1.5 yuvarlak \u00f6l\u00e7ek<\/p>\n<p>&nbsp;<\/p>\n<p><strong>Faydalar:<\/strong><\/p>\n<p><strong>Kas Geli\u015fimi<\/strong><\/p>\n<p>V\u00fccut taraf\u0131ndan kaslar\u0131 beslemek ve kas b\u00fcy\u00fcmesini ba\u015flatmak i\u00e7in proteinin yeterli miktarda al\u0131nmas\u0131 gerekir. Protein, daha k\u00fc\u00e7\u00fck par\u00e7alara (amino asitlere) ayr\u0131lacakt\u0131r.<\/p>\n<p>Ve v\u00fccuda etki ederek, kaslar\u0131 onarmak, yenilemek ve s\u00fcrd\u00fcrmek i\u00e7in hareket edecektir. Protein olmadan v\u00fccut yeterince \u00e7al\u0131\u015famaz ve b\u00fcy\u00fcyemez. Whey Protein Konsantresi<\/p>\n<p>Whey Protein Konsantresi, antrenman sonras\u0131 kas b\u00fcy\u00fcmesini te\u015fvik eder ve kas yap\u0131s\u0131n\u0131 olu\u015fturmak ve v\u00fccut ya\u011f\u0131n\u0131 yakmak i\u00e7in gerekli besinleri sa\u011flar.<\/p>\n<p>&nbsp;<\/p>\n<p><strong>Ya\u011f Kayb\u0131<\/strong><\/p>\n<p>Whey protein genellikle do\u011fal olarak d\u00fc\u015f\u00fck kalorili ve d\u00fc\u015f\u00fck kolesterol i\u00e7eri\u011fine sahiptir. Bu, diyet yaparken sa\u011fl\u0131kl\u0131 bir \u00f6\u011f\u00fcn i\u00e7in uygun k\u0131lar \u00e7\u00fcnk\u00fc bunun ya\u011fs\u0131z bir kaynak olmas\u0131 nedeniyledir.<\/p>\n<p>Bu, antrenmanlar\u0131 destekleyecek ve kas dokusunu koruyacak protein kayna\u011f\u0131 olmas\u0131 nedeniyle ge\u00e7erlidir. Whey Protein Konsantresi tek ba\u015f\u0131na do\u011frudan ya\u011f kayb\u0131na neden olmaz, ancak bir diyetle birlikte kullan\u0131lmas\u0131yla<\/p>\n<p>whey protein, lezzetli bir \u015fekilde tok tutan d\u00fc\u015f\u00fck kalorili bir \u00f6\u011f\u00fcn sa\u011flamaya izin verecektir.<\/p>\n<p>&nbsp;<\/p>\n<p><strong>Genel Sa\u011fl\u0131k<\/strong><\/p>\n<p>Whey Konsantremiz, protein oran\u0131n\u0131 art\u0131rmak isteyen her birey taraf\u0131ndan kullan\u0131labilir. A\u011f\u0131rl\u0131k antrenman\u0131 yapman\u0131za veya fiziksel aktiviteye girmenize gerek yoktur.<\/p>\n<p>Y\u00fcksek proteinli bir \u00f6\u011f\u00fcn\u00fcn faydalar\u0131ndan yararlanmak i\u00e7in egzersiz yapman\u0131za veya fiziksel aktiviteye girmenize gerek yoktur. Et t\u00fcketmekte zorlanan ki\u015filer (vejetaryenler vb.), h\u0131zl\u0131 ve sa\u011fl\u0131kl\u0131 bir \u00f6\u011f\u00fcne ihtiya\u00e7 duyanlar veya<\/p>\n<p>kas kayb\u0131 ya\u015fayanlar, protein takviyelerinden fayda sa\u011flayabilir. Whey konsantreleri genellikle biyoaktif bile\u015fenler a\u00e7\u0131s\u0131ndan daha y\u00fcksek olup, bunlar sa\u011fl\u0131\u011f\u0131 desteklemeye yard\u0131mc\u0131 olabilir.<\/p>\n<p>sa\u011fl\u0131kl\u0131 bir ba\u011f\u0131\u015f\u0131kl\u0131k sistemi. Her zaman sa\u011fl\u0131k ve beslenme ile ilgili konularda bir doktorla dan\u0131\u015fmak \u00f6nemlidir.<\/p>\n<p>&nbsp;<\/p>\n<p><strong>Whey Protein Konsantresi Y\u0131\u011f\u0131n\u0131<\/strong><\/p>\n<p>Whey Protein Konsantresi, hedeflerinize ba\u011fl\u0131 olarak neredeyse herhangi bir besin takviyesi ve vitamin \u00fcr\u00fcn\u00fc ile bir araya getirilebilir.<\/p>\n<p>ula\u015fmak istedi\u011finiz sonu\u00e7lara ba\u011fl\u0131 olarak. Whey protein ile birlikte en pop\u00fcler takviye y\u0131\u011f\u0131nlar\u0131ndan biri, kreatin monohidrat, BCAA takviyesi ve L-Glutamin&#8217;i i\u00e7erir, bunlara ek olarak<\/p>\n<p>Super-Men Multivitamin takviyesi. Bu takviyeler, kas geli\u015fimi ve iyile\u015fme i\u00e7in harika bir shake i\u00e7erisinde kullan\u0131labilir. Hatta sa\u011fl\u0131kl\u0131 bir i\u00e7ecek i\u00e7in taze veya dondurulmu\u015f meyveler de ekleyebilirsiniz.<\/p>\n<p>smoothie ve\/veya at\u0131\u015ft\u0131rmal\u0131k olarak.<\/p>\n","protected":false},"excerpt":{"rendered":"<ul class=\"trx_addons_list trx_addons_list_circle\">\n<li>Her zaman, her yerde lezzetini ve faydalar\u0131n\u0131 deneyimleyin.<\/li>\n<li>\u0130nan\u0131lmaz esneklik ve \u00fcst\u00fcn de\u011fer sunar.<\/li>\n<li>Harika lezzet se\u00e7enekleri ile mevcuttur.<\/li>\n<\/ul>\n","protected":false},"featured_media":10655,"comment_status":"open","ping_status":"closed","template":"","meta":[],"product_cat":[130],"product_tag":[],"class_list":["post-10867","product","type-product","status-publish","has-post-thumbnail","hentry","product_cat-vucudu-sinirlarinin-otesine-tasir"],"_links":{"self":[{"href":"https:\/\/ironfitnutrition.com\/tr\/wp-json\/wp\/v2\/product\/10867","targetHints":{"allow":["GET"]}}],"collection":[{"href":"https:\/\/ironfitnutrition.com\/tr\/wp-json\/wp\/v2\/product"}],"about":[{"href":"https:\/\/ironfitnutrition.com\/tr\/wp-json\/wp\/v2\/types\/product"}],"replies":[{"embeddable":true,"href":"https:\/\/ironfitnutrition.com\/tr\/wp-json\/wp\/v2\/comments?post=10867"}],"version-history":[{"count":0,"href":"https:\/\/ironfitnutrition.com\/tr\/wp-json\/wp\/v2\/product\/10867\/revisions"}],"wp:featuredmedia":[{"embeddable":true,"href":"https:\/\/ironfitnutrition.com\/tr\/wp-json\/wp\/v2\/media\/10655"}],"wp:attachment":[{"href":"https:\/\/ironfitnutrition.com\/tr\/wp-json\/wp\/v2\/media?parent=10867"}],"wp:term":[{"taxonomy":"product_cat","embeddable":true,"href":"https:\/\/ironfitnutrition.com\/tr\/wp-json\/wp\/v2\/product_cat?post=10867"},{"taxonomy":"product_tag","embeddable":true,"href":"https:\/\/ironfitnutrition.com\/tr\/wp-json\/wp\/v2\/product_tag?post=10867"}],"curies":[{"name":"wp","href":"https:\/\/api.w.org\/{rel}","templated":true}]}}